{"id":4177,"date":"2020-08-20T14:29:14","date_gmt":"2020-08-20T12:29:14","guid":{"rendered":"https:\/\/kaiser-friedrich-museumsverein.de\/ueber-uns\/"},"modified":"2023-03-01T12:25:26","modified_gmt":"2023-03-01T11:25:26","slug":"ueber-uns","status":"publish","type":"page","link":"https:\/\/kaiser-friedrich-museumsverein.de\/en\/ueber-uns\/","title":{"rendered":"About us"},"content":{"rendered":"\n<style type=\"text\/css\" data-created_by=\"avia_inline_auto\" id=\"style-css-av-4qq2oh-687105725f5f41e0851977ca40d915a8\">\n.flex_column.av-4qq2oh-687105725f5f41e0851977ca40d915a8{\n-webkit-border-radius:0px 0px 0px 0px;\n-moz-border-radius:0px 0px 0px 0px;\nborder-radius:0px 0px 0px 0px;\npadding:0px 0px 0px 0px;\n}\n<\/style>\n<div class='flex_column av-4qq2oh-687105725f5f41e0851977ca40d915a8 av_one_half  avia-builder-el-0  el_before_av_one_half  avia-builder-el-first  first flex_column_div av-zero-column-padding '     ><p>\n<style type=\"text\/css\" data-created_by=\"avia_inline_auto\" id=\"style-css-av-28qeld-fa0943b38f84843de10a624f6988c9b1\">\n#top .av-special-heading.av-28qeld-fa0943b38f84843de10a624f6988c9b1{\npadding-bottom:10px;\n}\nbody .av-special-heading.av-28qeld-fa0943b38f84843de10a624f6988c9b1 .av-special-heading-tag .heading-char{\nfont-size:25px;\n}\n.av-special-heading.av-28qeld-fa0943b38f84843de10a624f6988c9b1 .av-subheading{\nfont-size:15px;\n}\n<\/style>\n<div  class='av-special-heading av-28qeld-fa0943b38f84843de10a624f6988c9b1 av-special-heading-h1 blockquote modern-quote  avia-builder-el-1  el_before_av_textblock  avia-builder-el-first '><h1 class='av-special-heading-tag'  itemprop=\"headline\"  >ART PRESERVATION AND ACCESSIBILITY<\/h1><div class=\"special-heading-border\"><div class=\"special-heading-inner-border\"><\/div><\/div><\/div><br \/>\n<section  class='av_textblock_section av-ke2s4hmi-5b0d58e6112f2c9839c146b9e9f3ec08'  itemscope=\"itemscope\" itemtype=\"https:\/\/schema.org\/CreativeWork\" ><div class='avia_textblock'  itemprop=\"text\" ><p>Seit seiner Gr\u00fcndung hat es der Kaiser Friedrich Museumsverein verstanden, Menschen mit ganz besonderer Liebe zur Kunst und hoher Verantwortung gegen\u00fcber dem Allgemeinwohl zusammenzuf\u00fchren. Dank der noblen G\u00f6nnerschaft seiner Mitglieder ist er zu einem der reichsten Museumsvereine weltweit geworden und macht der \u00d6ffentlichkeit Werke von unsch\u00e4tzbarem Wert zug\u00e4nglich.<\/p>\n<p>Die vereinseigene Sammlung umfasst heute 122 Gem\u00e4lde und 163 Skulpturen, die der Gem\u00e4ldegalerie am Kulturforum und der Skulpturensammlung im Bode-Museum als Dauerleihgaben zur Verf\u00fcgung stehen.<\/p>\n<p>Neuerwerbungen durch den Verein werden auch k\u00fcnftig die Sammlungen bereichern.<\/p>\n<\/div><\/section><br \/>\n\n<style type=\"text\/css\" data-created_by=\"avia_inline_auto\" id=\"style-css-av-ke2s6hf7-df8ffc848699ee4485b0b55fc1a55c61\">\n#top .hr.hr-invisible.av-ke2s6hf7-df8ffc848699ee4485b0b55fc1a55c61{\nheight:50px;\n}\n<\/style>\n<div  class='hr av-ke2s6hf7-df8ffc848699ee4485b0b55fc1a55c61 hr-invisible  avia-builder-el-3  el_after_av_textblock  el_before_av_button '><span class='hr-inner '><span class=\"hr-inner-style\"><\/span><\/span><\/div><br \/>\n<div  class='avia-button-wrap av-ker0f24t-68885343b93606497a249711d9caca06-wrap avia-button-left  avia-builder-el-4  el_after_av_hr  el_before_av_button '><a href='https:\/\/kaiser-friedrich-museumsverein.de\/sammlung\/'  class='avia-button av-ker0f24t-68885343b93606497a249711d9caca06 avia-icon_select-no avia-size-medium avia-position-left avia-color-theme-color'  ><span class='avia_iconbox_title' >Zur Sammlung<\/span><\/a><\/div><br \/>\n<div  class='avia-button-wrap av-ker0f24t-1-e67fe2c2e153362928959c5862a5d965-wrap avia-button-left  avia-builder-el-5  el_after_av_button  avia-builder-el-last '><a href=''  class='avia-button av-ker0f24t-1-e67fe2c2e153362928959c5862a5d965 avia-icon_select-no avia-size-medium avia-position-left avia-color-theme-color'  ><span class='avia_iconbox_title' >Mitglied werden<\/span><\/a><\/div><\/p><\/div>\n<style type=\"text\/css\" data-created_by=\"avia_inline_auto\" id=\"style-css-av-2zgrnl-44f09b432ea51c3721fa4bf688cc3134\">\n.flex_column.av-2zgrnl-44f09b432ea51c3721fa4bf688cc3134{\n-webkit-border-radius:0px 0px 0px 0px;\n-moz-border-radius:0px 0px 0px 0px;\nborder-radius:0px 0px 0px 0px;\npadding:0px 0px 0px 0px;\n}\n<\/style>\n<div class='flex_column av-2zgrnl-44f09b432ea51c3721fa4bf688cc3134 av_one_half  avia-builder-el-6  el_after_av_one_half  avia-builder-el-last  flex_column_div av-zero-column-padding '     ><p>\n<style type=\"text\/css\" data-created_by=\"avia_inline_auto\" id=\"style-css-av-ke2s5gvm-4481064a40569eef9664eb8fe5b099b9\">\n.avia-image-container.av-ke2s5gvm-4481064a40569eef9664eb8fe5b099b9 img.avia_image{\nbox-shadow:none;\n}\n.avia-image-container.av-ke2s5gvm-4481064a40569eef9664eb8fe5b099b9 .av-image-caption-overlay-center{\ncolor:#ffffff;\n}\n<\/style>\n<div  class='avia-image-container av-ke2s5gvm-4481064a40569eef9664eb8fe5b099b9 av-styling-no-styling avia-align-center  avia-builder-el-7  el_before_av_textblock  avia-builder-el-first '   itemprop=\"image\" itemscope=\"itemscope\" itemtype=\"https:\/\/schema.org\/ImageObject\" ><div class=\"avia-image-container-inner\"><div class=\"avia-image-overlay-wrap\"><img decoding=\"async\" class='wp-image-3958 avia-img-lazy-loading-not-3958 avia_image ' src=\"https:\/\/kaiser-friedrich-museumsverein.de\/wp-content\/uploads\/di_Girogio_Martini_5790-624x416-1.jpg\" alt='' title='Architektonische Vedute, Francesco di Giorgio Martini'  height=\"416\" width=\"624\"  itemprop=\"thumbnailUrl\" srcset=\"https:\/\/kaiser-friedrich-museumsverein.de\/wp-content\/uploads\/di_Girogio_Martini_5790-624x416-1.jpg 624w, https:\/\/kaiser-friedrich-museumsverein.de\/wp-content\/uploads\/di_Girogio_Martini_5790-624x416-1-300x200.jpg 300w\" sizes=\"(max-width: 624px) 100vw, 624px\" \/><\/div><\/div><\/div><br \/>\n<section  class='av_textblock_section av-ke2s5lrr-11267770ef52ed26cd62ab2847435e83'  itemscope=\"itemscope\" itemtype=\"https:\/\/schema.org\/CreativeWork\" ><div class='avia_textblock kfmv-caption'  itemprop=\"text\" ><p>Die Architektonische Vedute, Francesco di Giorgio Martini zugeschrieben, erwarb der Verein schon im Jahr 1896. Als extrem seltene Darstellung aus der Fr\u00fchrenaissance ist das Bild eines der Hauptwerke der Berliner Gem\u00e4ldegalerie. (Foto: J. Moegelin)<\/p>\n<\/div><\/section><\/p><\/div><\/p>\n","protected":false},"excerpt":{"rendered":"","protected":false},"author":1,"featured_media":0,"parent":0,"menu_order":11,"comment_status":"closed","ping_status":"closed","template":"","meta":[],"yoast_head":"<!-- This site is optimized with the Yoast SEO plugin v21.1 - https:\/\/yoast.com\/wordpress\/plugins\/seo\/ -->\n<title>About us - KFMV - Kaiser Friedrich Museumsverein<\/title>\n<meta name=\"description\" content=\"KFMV Berlin - F\u00f6rderverein der Gem\u00e4ldegalerie und Skulpturensammlung SMB seit 1897. Kunstwerke erhalten und der \u00d6ffentlichkeit zug\u00e4nglich machen.\" \/>\n<meta name=\"robots\" content=\"index, follow, max-snippet:-1, max-image-preview:large, max-video-preview:-1\" \/>\n<link rel=\"canonical\" href=\"https:\/\/kaiser-friedrich-museumsverein.de\/en\/ueber-uns\/\" \/>\n<script type=\"application\/ld+json\" class=\"yoast-schema-graph\">{\"@context\":\"https:\/\/schema.org\",\"@graph\":[{\"@type\":\"WebPage\",\"@id\":\"https:\/\/kaiser-friedrich-museumsverein.de\/en\/ueber-uns\/\",\"url\":\"https:\/\/kaiser-friedrich-museumsverein.de\/en\/ueber-uns\/\",\"name\":\"About us - KFMV - Kaiser Friedrich Museumsverein\",\"isPartOf\":{\"@id\":\"https:\/\/kaiser-friedrich-museumsverein.de\/en\/#website\"},\"datePublished\":\"2020-08-20T12:29:14+00:00\",\"dateModified\":\"2023-03-01T11:25:26+00:00\",\"description\":\"KFMV Berlin - F\u00f6rderverein der Gem\u00e4ldegalerie und Skulpturensammlung SMB seit 1897. Kunstwerke erhalten und der \u00d6ffentlichkeit zug\u00e4nglich machen.\",\"breadcrumb\":{\"@id\":\"https:\/\/kaiser-friedrich-museumsverein.de\/en\/ueber-uns\/#breadcrumb\"},\"inLanguage\":\"en-US\",\"potentialAction\":[{\"@type\":\"ReadAction\",\"target\":[\"https:\/\/kaiser-friedrich-museumsverein.de\/en\/ueber-uns\/\"]}]},{\"@type\":\"BreadcrumbList\",\"@id\":\"https:\/\/kaiser-friedrich-museumsverein.de\/en\/ueber-uns\/#breadcrumb\",\"itemListElement\":[{\"@type\":\"ListItem\",\"position\":1,\"name\":\"Startseite\",\"item\":\"https:\/\/kaiser-friedrich-museumsverein.de\/en\/\"},{\"@type\":\"ListItem\",\"position\":2,\"name\":\"About us\"}]},{\"@type\":\"WebSite\",\"@id\":\"https:\/\/kaiser-friedrich-museumsverein.de\/en\/#website\",\"url\":\"https:\/\/kaiser-friedrich-museumsverein.de\/en\/\",\"name\":\"KFMV - Kaiser Friedrich Museumsverein\",\"description\":\"F\u00f6rderverein der Gem\u00e4ldegalerie und Skulpturensammlung SMB e.V. seit 1897\",\"publisher\":{\"@id\":\"https:\/\/kaiser-friedrich-museumsverein.de\/en\/#organization\"},\"potentialAction\":[{\"@type\":\"SearchAction\",\"target\":{\"@type\":\"EntryPoint\",\"urlTemplate\":\"https:\/\/kaiser-friedrich-museumsverein.de\/en\/?s={search_term_string}\"},\"query-input\":\"required name=search_term_string\"}],\"inLanguage\":\"en-US\"},{\"@type\":\"Organization\",\"@id\":\"https:\/\/kaiser-friedrich-museumsverein.de\/en\/#organization\",\"name\":\"Kaiser Friedrich Museumsverein KFMV\",\"url\":\"https:\/\/kaiser-friedrich-museumsverein.de\/en\/\",\"logo\":{\"@type\":\"ImageObject\",\"inLanguage\":\"en-US\",\"@id\":\"https:\/\/kaiser-friedrich-museumsverein.de\/en\/#\/schema\/logo\/image\/\",\"url\":\"https:\/\/kaiser-friedrich-museumsverein.de\/wp-content\/uploads\/kfmv-logo.png\",\"contentUrl\":\"https:\/\/kaiser-friedrich-museumsverein.de\/wp-content\/uploads\/kfmv-logo.png\",\"width\":578,\"height\":170,\"caption\":\"Kaiser Friedrich Museumsverein KFMV\"},\"image\":{\"@id\":\"https:\/\/kaiser-friedrich-museumsverein.de\/en\/#\/schema\/logo\/image\/\"}}]}<\/script>\n<!-- \/ Yoast SEO plugin. -->","yoast_head_json":{"title":"About us - KFMV - Kaiser Friedrich Museumsverein","description":"KFMV Berlin - F\u00f6rderverein der Gem\u00e4ldegalerie und Skulpturensammlung SMB seit 1897. Kunstwerke erhalten und der \u00d6ffentlichkeit zug\u00e4nglich machen.","robots":{"index":"index","follow":"follow","max-snippet":"max-snippet:-1","max-image-preview":"max-image-preview:large","max-video-preview":"max-video-preview:-1"},"canonical":"https:\/\/kaiser-friedrich-museumsverein.de\/en\/ueber-uns\/","schema":{"@context":"https:\/\/schema.org","@graph":[{"@type":"WebPage","@id":"https:\/\/kaiser-friedrich-museumsverein.de\/en\/ueber-uns\/","url":"https:\/\/kaiser-friedrich-museumsverein.de\/en\/ueber-uns\/","name":"About us - KFMV - Kaiser Friedrich Museumsverein","isPartOf":{"@id":"https:\/\/kaiser-friedrich-museumsverein.de\/en\/#website"},"datePublished":"2020-08-20T12:29:14+00:00","dateModified":"2023-03-01T11:25:26+00:00","description":"KFMV Berlin - F\u00f6rderverein der Gem\u00e4ldegalerie und Skulpturensammlung SMB seit 1897. Kunstwerke erhalten und der \u00d6ffentlichkeit zug\u00e4nglich machen.","breadcrumb":{"@id":"https:\/\/kaiser-friedrich-museumsverein.de\/en\/ueber-uns\/#breadcrumb"},"inLanguage":"en-US","potentialAction":[{"@type":"ReadAction","target":["https:\/\/kaiser-friedrich-museumsverein.de\/en\/ueber-uns\/"]}]},{"@type":"BreadcrumbList","@id":"https:\/\/kaiser-friedrich-museumsverein.de\/en\/ueber-uns\/#breadcrumb","itemListElement":[{"@type":"ListItem","position":1,"name":"Startseite","item":"https:\/\/kaiser-friedrich-museumsverein.de\/en\/"},{"@type":"ListItem","position":2,"name":"About us"}]},{"@type":"WebSite","@id":"https:\/\/kaiser-friedrich-museumsverein.de\/en\/#website","url":"https:\/\/kaiser-friedrich-museumsverein.de\/en\/","name":"KFMV - Kaiser Friedrich Museumsverein","description":"F\u00f6rderverein der Gem\u00e4ldegalerie und Skulpturensammlung SMB e.V. seit 1897","publisher":{"@id":"https:\/\/kaiser-friedrich-museumsverein.de\/en\/#organization"},"potentialAction":[{"@type":"SearchAction","target":{"@type":"EntryPoint","urlTemplate":"https:\/\/kaiser-friedrich-museumsverein.de\/en\/?s={search_term_string}"},"query-input":"required name=search_term_string"}],"inLanguage":"en-US"},{"@type":"Organization","@id":"https:\/\/kaiser-friedrich-museumsverein.de\/en\/#organization","name":"Kaiser Friedrich Museumsverein KFMV","url":"https:\/\/kaiser-friedrich-museumsverein.de\/en\/","logo":{"@type":"ImageObject","inLanguage":"en-US","@id":"https:\/\/kaiser-friedrich-museumsverein.de\/en\/#\/schema\/logo\/image\/","url":"https:\/\/kaiser-friedrich-museumsverein.de\/wp-content\/uploads\/kfmv-logo.png","contentUrl":"https:\/\/kaiser-friedrich-museumsverein.de\/wp-content\/uploads\/kfmv-logo.png","width":578,"height":170,"caption":"Kaiser Friedrich Museumsverein KFMV"},"image":{"@id":"https:\/\/kaiser-friedrich-museumsverein.de\/en\/#\/schema\/logo\/image\/"}}]}},"_links":{"self":[{"href":"https:\/\/kaiser-friedrich-museumsverein.de\/en\/wp-json\/wp\/v2\/pages\/4177"}],"collection":[{"href":"https:\/\/kaiser-friedrich-museumsverein.de\/en\/wp-json\/wp\/v2\/pages"}],"about":[{"href":"https:\/\/kaiser-friedrich-museumsverein.de\/en\/wp-json\/wp\/v2\/types\/page"}],"author":[{"embeddable":true,"href":"https:\/\/kaiser-friedrich-museumsverein.de\/en\/wp-json\/wp\/v2\/users\/1"}],"replies":[{"embeddable":true,"href":"https:\/\/kaiser-friedrich-museumsverein.de\/en\/wp-json\/wp\/v2\/comments?post=4177"}],"version-history":[{"count":3,"href":"https:\/\/kaiser-friedrich-museumsverein.de\/en\/wp-json\/wp\/v2\/pages\/4177\/revisions"}],"predecessor-version":[{"id":4180,"href":"https:\/\/kaiser-friedrich-museumsverein.de\/en\/wp-json\/wp\/v2\/pages\/4177\/revisions\/4180"}],"wp:attachment":[{"href":"https:\/\/kaiser-friedrich-museumsverein.de\/en\/wp-json\/wp\/v2\/media?parent=4177"}],"curies":[{"name":"wp","href":"https:\/\/api.w.org\/{rel}","templated":true}]}}